{"id":70,"date":"2017-06-12T04:31:39","date_gmt":"2017-06-12T04:31:39","guid":{"rendered":"http:\/\/demo2.steelthemes.com\/gardenhub\/?page_id=70"},"modified":"2026-02-24T18:24:51","modified_gmt":"2026-02-24T17:24:51","slug":"home-page-4","status":"publish","type":"page","link":"https:\/\/wakeup.org.pl\/new\/","title":{"rendered":"Home"},"content":{"rendered":"<div class=\"wpb-content-wrapper\"><p>[vc_row][vc_column][vc_column_text][\/vc_column_text][\/vc_column][\/vc_row][vc_row full_width=&#8221;stretch_row_content_no_spaces&#8221;][vc_column][rev_slider_vc alias=&#8221;slider_1&#8243;][\/vc_column][\/vc_row][vc_row css=&#8221;.vc_custom_1496376114620{margin-top: -100px !important;padding-bottom: 65px !important;}&#8221;][vc_column]<div class=\"fh-icon-box-2  radius\"><div class=\"row\"><div class=\"item-box col-md-4 col-sm-6 col-xs-12\"><a class=\"fh-icon\"><i class=\"fa fa-calendar-check-o\"><\/i><\/a><h4><a href=\"https:\/\/wakeup.org.pl\/new\/zawody\/\"> eventy i wyzwania<\/a><\/h4><p><b>organizujemy i wsp\u00f3\u0142organizujemy eventy i wyzwania sportowe - sprawd\u017a jakie!<\/b><\/p><\/div><div class=\"item-box col-md-4 col-sm-6 col-xs-12\"><a class=\"fh-icon\"><i class=\"fa fa-futbol-o\"><\/i><\/a><h4><a href=\"#\" title=\"\">warsztaty i treningi<\/a><\/h4><p><b>wsp\u00f3\u0142pracujemy z najlepszymi trenerami na rynku, u nas nie ma miejsca na przeci\u0119tno\u015b\u0107<\/b><\/p><\/div><div class=\"item-box col-md-4 col-sm-6 col-xs-12\"><span class=\"fh-icon\"><i class=\"fa fa-line-chart\"><\/i><\/span><h4><span title=\"\">marketing dla sportu<\/span><\/h4><p><b>strategie marketingowe, social media, wideomarketing<\/b><\/p><\/div><\/div><\/div>[\/vc_column][\/vc_row][vc_row css=&#8221;.vc_custom_1496650064727{padding-top: 65px !important;padding-bottom: 40px !important;}&#8221;][vc_column]<div class=\"fh-section-title clearfix  text-center style-1 version-dark\"><div class=\"container\"><h2>Nasze dotychczasowe <span class=\"main-color\">realizacje<\/span><\/h2><\/div><\/div>[vc_row_inner css=&#8221;.vc_custom_1496394823233{padding-top: 50px !important;}&#8221;][vc_column_inner width=&#8221;1\/3&#8243;]<div class=\"fh-team  style-2\">\n\t\t\t\t<div class=\"team-member\">\n\t\t\t\t\t<img loading=\"lazy\" decoding=\"async\" width=\"500\" height=\"718\" src=\"https:\/\/wakeup.org.pl\/new\/wp-content\/uploads\/2025\/11\/3D0A0121.jpg\" class=\"attachment-full\" alt=\"\" title=\"3D0A0121\" srcset=\"https:\/\/wakeup.org.pl\/new\/wp-content\/uploads\/2025\/11\/3D0A0121.jpg 500w, https:\/\/wakeup.org.pl\/new\/wp-content\/uploads\/2025\/11\/3D0A0121-209x300.jpg 209w\" sizes=\"auto, (max-width: 500px) 100vw, 500px\" \/>\n\t\t\t\t\t<div class=\"socials socials-1\">\n\t\t\t\t\t\t<ul class=\"list-social clearfix\">\n\t\t\t\t\t\t\t<li class=\"rss\">\n\t\t\t\t\t<a href=\"https:\/\/wakeup.org.pl\/new\/zawody\" target=\"_blank\">\n\t\t\t\t\t\t<i class=\"fa fa-rss\"><\/i>\n\t\t\t\t\t<\/a>\n\t\t\t\t<\/li>\n\t\t\t\t\t\t<\/ul>\n\t\t\t\t\t<\/div>\n\t\t\t\t<\/div>\n\t\t\t\t<div class=\"team-header info\"><h4 class=\"name\">Wielonek Trail Festival<\/h4><span class=\"job\">festiwal bieg\u00f3w ultra trail<\/span><\/div>\n\t\t\t\t<div class=\"team-content\">\n\t\t\t\t\t<div class=\"info\">\n\t\t\t\t\t\t<h4 class=\"name\">Wielonek Trail Festival<\/h4>\n\t\t\t\t\t\t<span class=\"job\">festiwal bieg\u00f3w ultra trail<\/span>\n\t\t\t\t\t\t<p>To nasza propozycja dla biegaczy, kt\u00f3rym wiecznie jest za ma\u0142o\u2026 Ka\u017cdy znajdzie co\u015b dla siebie! Dla najbardziej wymagaj\u0105cych zawodnik\u00f3w przygotowali\u015bmy tras\u0119 licz\u0105c\u0105 60 km. Pokonasz trudy dystansu trailowego w malowniczo usytuowanych Borach Tucholskich. W du\u017cej cz\u0119\u015bci biegu nie stracisz z oczu Zalewu Koronowskiego i Rzeki Brdy. Cr\u00e8me de la cr\u00e8me urokliwych tras biegowych w tej cz\u0119\u015bci Europy!<\/p>\n\t\t\t\t\t<\/div>\n\t\t\t\t\t<div class=\"website\"><i class=\"fa fa-envelope-o\" aria-hidden=\"true\"><\/i><\/div>\n\t\t\t\t\t<div class=\"socials socials-2\">\n\t\t\t\t\t\t<ul class=\"list-social clearfix\">\n\t\t\t\t\t\t\t<li class=\"rss\">\n\t\t\t\t\t<a href=\"https:\/\/wakeup.org.pl\/new\/zawody\" target=\"_blank\">\n\t\t\t\t\t\t<i class=\"fa fa-rss\"><\/i>\n\t\t\t\t\t<\/a>\n\t\t\t\t<\/li>\n\t\t\t\t\t\t<\/ul>\n\t\t\t\t\t<\/div>\n\t\t\t\t<\/div>\n\t\t\t<\/div>[\/vc_column_inner][vc_column_inner width=&#8221;1\/3&#8243;]<div class=\"fh-team  style-2\">\n\t\t\t\t<div class=\"team-member\">\n\t\t\t\t\t<img loading=\"lazy\" decoding=\"async\" width=\"500\" height=\"718\" src=\"https:\/\/wakeup.org.pl\/new\/wp-content\/uploads\/2025\/11\/wtcskok-1.jpg\" class=\"attachment-full\" alt=\"\" title=\"wtcskok\" srcset=\"https:\/\/wakeup.org.pl\/new\/wp-content\/uploads\/2025\/11\/wtcskok-1.jpg 500w, https:\/\/wakeup.org.pl\/new\/wp-content\/uploads\/2025\/11\/wtcskok-1-209x300.jpg 209w\" sizes=\"auto, (max-width: 500px) 100vw, 500px\" \/>\n\t\t\t\t\t<div class=\"socials socials-1\">\n\t\t\t\t\t\t<ul class=\"list-social clearfix\">\n\t\t\t\t\t\t\t<li class=\"rss\">\n\t\t\t\t\t<a href=\"https:\/\/wielonektriathlon.pl\" target=\"_blank\">\n\t\t\t\t\t\t<i class=\"fa fa-rss\"><\/i>\n\t\t\t\t\t<\/a>\n\t\t\t\t<\/li>\n\t\t\t\t\t\t<\/ul>\n\t\t\t\t\t<\/div>\n\t\t\t\t<\/div>\n\t\t\t\t<div class=\"team-header info\"><h4 class=\"name\">Wielonek Triathlon Challenge<\/h4><span class=\"job\">triathlon w sercu Bor\u00f3w Tucholskich<\/span><\/div>\n\t\t\t\t<div class=\"team-content\">\n\t\t\t\t\t<div class=\"info\">\n\t\t\t\t\t\t<h4 class=\"name\">Wielonek Triathlon Challenge<\/h4>\n\t\t\t\t\t\t<span class=\"job\">triathlon w sercu Bor\u00f3w Tucholskich<\/span>\n\t\t\t\t\t\t<p>W Wielonku \u015bcigamy si\u0119 na dw\u00f3ch dystansach: 1\/4 oraz 1\/8 - zar\u00f3wno indywidualnie jak i w sztafecie.<\/p>\n\t\t\t\t\t<\/div>\n\t\t\t\t\t<div class=\"website\"><i class=\"fa fa-envelope-o\" aria-hidden=\"true\"><\/i><\/div>\n\t\t\t\t\t<div class=\"socials socials-2\">\n\t\t\t\t\t\t<ul class=\"list-social clearfix\">\n\t\t\t\t\t\t\t<li class=\"rss\">\n\t\t\t\t\t<a href=\"https:\/\/wielonektriathlon.pl\" target=\"_blank\">\n\t\t\t\t\t\t<i class=\"fa fa-rss\"><\/i>\n\t\t\t\t\t<\/a>\n\t\t\t\t<\/li>\n\t\t\t\t\t\t<\/ul>\n\t\t\t\t\t<\/div>\n\t\t\t\t<\/div>\n\t\t\t<\/div>[\/vc_column_inner][vc_column_inner width=&#8221;1\/3&#8243;]<div class=\"fh-team  style-2\">\n\t\t\t\t<div class=\"team-member\">\n\t\t\t\t\t<img loading=\"lazy\" decoding=\"async\" width=\"500\" height=\"718\" src=\"https:\/\/wakeup.org.pl\/new\/wp-content\/uploads\/2025\/11\/IMG_0376.jpg\" class=\"attachment-full\" alt=\"uczestnicy obozu\" title=\"IMG_0376\" srcset=\"https:\/\/wakeup.org.pl\/new\/wp-content\/uploads\/2025\/11\/IMG_0376.jpg 500w, https:\/\/wakeup.org.pl\/new\/wp-content\/uploads\/2025\/11\/IMG_0376-209x300.jpg 209w\" sizes=\"auto, (max-width: 500px) 100vw, 500px\" \/>\n\t\t\t\t\t<div class=\"socials socials-1\">\n\t\t\t\t\t\t<ul class=\"list-social clearfix\">\n\t\t\t\t\t\t\t<li class=\"youtube\">\n\t\t\t\t\t<a href=\"https:\/\/youtu.be\/rxeiEpDFLKk\" target=\"_blank\">\n\t\t\t\t\t\t<i class=\"fa fa-youtube\"><\/i>\n\t\t\t\t\t<\/a>\n\t\t\t\t<\/li>\n\t\t\t\t\t\t<\/ul>\n\t\t\t\t\t<\/div>\n\t\t\t\t<\/div>\n\t\t\t\t<div class=\"team-header info\"><h4 class=\"name\">WAKE CAMP<\/h4><span class=\"job\">sportowy ob\u00f3z dla doros\u0142ych<\/span><\/div>\n\t\t\t\t<div class=\"team-content\">\n\t\t\t\t\t<div class=\"info\">\n\t\t\t\t\t\t<h4 class=\"name\">WAKE CAMP<\/h4>\n\t\t\t\t\t\t<span class=\"job\">sportowy ob\u00f3z dla doros\u0142ych<\/span>\n\t\t\t\t\t\t<p>Weekendowy ob\u00f3z sportowy dla os\u00f3b doros\u0142ych we wsp\u00f3\u0142pracy z Lasami Pa\u0144stwowymi w ramach programu ``Sportowa Natura``. Uczestnicy obozu przez ca\u0142y weekend odbyli kilkana\u015bcie trening\u00f3w si\u0142owych, wytrzyma\u0142o\u015bciowych, funkcjonalnych, biegowych oraz jogi i sesje trening\u00f3w mentalnych. Jak to na obozie - nie zabrak\u0142o r\u00f3wnie\u017c integracji, gry terenowej i fina\u0142u w postaci toru przeszk\u00f3d.<\/p>\n\t\t\t\t\t<\/div>\n\t\t\t\t\t<div class=\"website\"><i class=\"fa fa-envelope-o\" aria-hidden=\"true\"><\/i><\/div>\n\t\t\t\t\t<div class=\"socials socials-2\">\n\t\t\t\t\t\t<ul class=\"list-social clearfix\">\n\t\t\t\t\t\t\t<li class=\"youtube\">\n\t\t\t\t\t<a href=\"https:\/\/youtu.be\/rxeiEpDFLKk\" target=\"_blank\">\n\t\t\t\t\t\t<i class=\"fa fa-youtube\"><\/i>\n\t\t\t\t\t<\/a>\n\t\t\t\t<\/li>\n\t\t\t\t\t\t<\/ul>\n\t\t\t\t\t<\/div>\n\t\t\t\t<\/div>\n\t\t\t<\/div>[\/vc_column_inner][\/vc_row_inner][\/vc_column][\/vc_row][vc_row css=&#8221;.vc_custom_1496378213596{padding-top: 65px !important;padding-bottom: 75px !important;background-color: #fafafa !important;}&#8221;][vc_column]<div class=\"fh-section-title clearfix  text-center style-1 version-dark\"><div class=\"container\"><h2>Opinie naszych <span class=\"main-color\">Klient\u00f3w<\/span><\/h2><\/div><\/div>[vc_row_inner css=&#8221;.vc_custom_1496378193962{margin-top: 50px !important;}&#8221;][vc_column_inner]<div class=\"fh-testimonials-carousel  style-2\" id=\"testimonial-slider-69d7899fd56ea\">\n\t\t\t\n\t\t\t<div class=\"testi-list owl-carousel\" >\n\t\t\t<div class=\"testi-item\">\n\t\t\t\t<div class=\"testi-content\">\n                    <div class=\"testi-des\"><span class=\"fh-icon icon-2\"><i class=\"flaticon-straight-quotes\"><\/i><\/span>Organizacja na najwy\u017cszym poziomie. Od samego pocz\u0105tku do samego ko\u0144ca. Jad\u0105c na imprez\u0119 nie mia\u0142em \u017cadnej w\u0105tpliwo\u015bci co, gdzie, kiedy i jak. Do tego bardzo ciekawe miejsce. Wracam tam za rok <span class=\"html-span xexx8yu xyri2b x18d9i69 x1c1uobl x1hl2dhg x16tdsg8 x1vvkbs x3nfvp2 x1j61x8r x1fcty0u xdj266r xat24cr xm2jcoa x1mpyi22 xxymvpz xlup9mm x1kky2od\"><img loading=\"lazy\" decoding=\"async\" class=\"xz74otr x15mokao x1ga7v0g x16uus16 xbiv7yw\" src=\"https:\/\/static.xx.fbcdn.net\/images\/emoji.php\/v9\/t4f\/1\/16\/1f601.png\" alt=\"\ud83d\ude01\" width=\"16\" height=\"16\" \/><\/span><\/div>\n                    <div class=\"info clearfix\">\n                        <img decoding=\"async\" src=\"https:\/\/wakeup.org.pl\/new\/wp-content\/uploads\/2025\/10\/Projekt-bez-nazwy-17-80x80.png\" alt=\"Damian\"\/>\n\t\t\t\t\t\t\n\t\t\t\t\t\t<h4 class=\"testi-name\">Damian<\/h4>\n\t\t\t\t\t\t<span class=\"testi-job\">debiutowa\u0142 w triathlonie podczas WTC 2025<\/span>\n\t\t\t\t\t\t<div class=\"testi-star\"><i class=\"fa fa-star-o fa-md\"><\/i><i class=\"fa fa-star-o fa-md\"><\/i><i class=\"fa fa-star-o fa-md\"><\/i><i class=\"fa fa-star-o fa-md\"><\/i><i class=\"fa fa-star-o fa-md\"><\/i><\/div>\n\t\t\t\t\t<\/div>\n\t\t\t\t<\/div>\n            <\/div>\n\t\t\t<div class=\"testi-item\">\n\t\t\t\t<div class=\"testi-content\">\n                    <div class=\"testi-des\"><span class=\"fh-icon icon-2\"><i class=\"flaticon-straight-quotes\"><\/i><\/span>\u015bwietna atmosfera, fajne trasy. zaliczy\u0142em debiut na rowerze szosowym w wieku 37 lat <span class=\"html-span xexx8yu xyri2b x18d9i69 x1c1uobl x1hl2dhg x16tdsg8 x1vvkbs x3nfvp2 x1j61x8r x1fcty0u xdj266r xat24cr xm2jcoa x1mpyi22 xxymvpz xlup9mm x1kky2od\"><img loading=\"lazy\" decoding=\"async\" class=\"xz74otr x15mokao x1ga7v0g x16uus16 xbiv7yw\" src=\"https:\/\/static.xx.fbcdn.net\/images\/emoji.php\/v9\/t9f\/1\/16\/1f61b.png\" alt=\"\ud83d\ude1b\" width=\"16\" height=\"16\" \/><\/span> za rok wracam. Dobra robota <span class=\"html-span xexx8yu xyri2b x18d9i69 x1c1uobl x1hl2dhg x16tdsg8 x1vvkbs x3nfvp2 x1j61x8r x1fcty0u xdj266r xat24cr xm2jcoa x1mpyi22 xxymvpz xlup9mm x1kky2od\"><img loading=\"lazy\" decoding=\"async\" class=\"xz74otr x15mokao x1ga7v0g x16uus16 xbiv7yw\" src=\"https:\/\/static.xx.fbcdn.net\/images\/emoji.php\/v9\/t4c\/1\/16\/1f642.png\" alt=\"\ud83d\ude42\" width=\"16\" height=\"16\" \/><\/span><\/div>\n                    <div class=\"info clearfix\">\n                        <img decoding=\"async\" src=\"https:\/\/wakeup.org.pl\/new\/wp-content\/uploads\/2025\/10\/Projekt-bez-nazwy-16-80x80.png\" alt=\"Patryk\"\/>\n\t\t\t\t\t\t\n\t\t\t\t\t\t<h4 class=\"testi-name\">Patryk<\/h4>\n\t\t\t\t\t\t<span class=\"testi-job\">lider sztafety Wielonek Triathlon Challenge 2025<\/span>\n\t\t\t\t\t\t<div class=\"testi-star\"><i class=\"fa fa-star-o fa-md\"><\/i><i class=\"fa fa-star-o fa-md\"><\/i><i class=\"fa fa-star-o fa-md\"><\/i><i class=\"fa fa-star-o fa-md\"><\/i><i class=\"fa fa-star-o fa-md\"><\/i><\/div>\n\t\t\t\t\t<\/div>\n\t\t\t\t<\/div>\n            <\/div>\n\t\t\t<div class=\"testi-item\">\n\t\t\t\t<div class=\"testi-content\">\n                    <div class=\"testi-des\"><span class=\"fh-icon icon-2\"><i class=\"flaticon-straight-quotes\"><\/i><\/span>M\u00f3j pierwszy triathlon i od razu \u015bwietne do\u015bwiadczenie! Organizatorzy odpowiadali b\u0142yskawicznie na wszystkie pytania, atmosfera na miejscu by\u0142a fantastyczna \u2013 kibice i zawodnicy dawali mn\u00f3stwo pozytywnej energii.<\/div>\n                    <div class=\"info clearfix\">\n                        <img decoding=\"async\" src=\"https:\/\/wakeup.org.pl\/new\/wp-content\/uploads\/2017\/06\/Projekt-bez-nazwy-9-80x80.png\" alt=\"Remigiusz\"\/>\n\t\t\t\t\t\t\n\t\t\t\t\t\t<h4 class=\"testi-name\">Remigiusz<\/h4>\n\t\t\t\t\t\t<span class=\"testi-job\">uczestnik Wielonek Triathlon Challenge 2025<\/span>\n\t\t\t\t\t\t<div class=\"testi-star\"><i class=\"fa fa-star fa-md\"><\/i><i class=\"fa fa-star fa-md\"><\/i><i class=\"fa fa-star fa-md\"><\/i><i class=\"fa fa-star fa-md\"><\/i><i class=\"fa fa-star fa-md\"><\/i><\/div>\n\t\t\t\t\t<\/div>\n\t\t\t\t<\/div>\n            <\/div>\n\t\t\t<div class=\"testi-item\">\n\t\t\t\t<div class=\"testi-content\">\n                    <div class=\"testi-des\"><span class=\"fh-icon icon-2\"><i class=\"flaticon-straight-quotes\"><\/i><\/span>Mega pozytywni ludzie zaanga\u017cowani w to co robi\u0105 , a robi\u0105 to naprawd\u0119 dobrze ! <span class=\"html-span xexx8yu xyri2b x18d9i69 x1c1uobl x1hl2dhg x16tdsg8 x1vvkbs x3nfvp2 x1j61x8r x1fcty0u xdj266r xat24cr xm2jcoa x1mpyi22 xxymvpz xlup9mm x1kky2od\"><img loading=\"lazy\" decoding=\"async\" class=\"xz74otr x15mokao x1ga7v0g x16uus16 xbiv7yw\" src=\"https:\/\/static.xx.fbcdn.net\/images\/emoji.php\/v9\/tfe\/1\/16\/1f44f.png\" alt=\"\ud83d\udc4f\" width=\"16\" height=\"16\" \/><\/span><span class=\"html-span xexx8yu xyri2b x18d9i69 x1c1uobl x1hl2dhg x16tdsg8 x1vvkbs x3nfvp2 x1j61x8r x1fcty0u xdj266r xat24cr xm2jcoa x1mpyi22 xxymvpz xlup9mm x1kky2od\"><img loading=\"lazy\" decoding=\"async\" class=\"xz74otr x15mokao x1ga7v0g x16uus16 xbiv7yw\" src=\"https:\/\/static.xx.fbcdn.net\/images\/emoji.php\/v9\/tfe\/1\/16\/1f44f.png\" alt=\"\ud83d\udc4f\" width=\"16\" height=\"16\" \/><\/span><span class=\"html-span xexx8yu xyri2b x18d9i69 x1c1uobl x1hl2dhg x16tdsg8 x1vvkbs x3nfvp2 x1j61x8r x1fcty0u xdj266r xat24cr xm2jcoa x1mpyi22 xxymvpz xlup9mm x1kky2od\"><img loading=\"lazy\" decoding=\"async\" class=\"xz74otr x15mokao x1ga7v0g x16uus16 xbiv7yw\" src=\"https:\/\/static.xx.fbcdn.net\/images\/emoji.php\/v9\/tfe\/1\/16\/1f44f.png\" alt=\"\ud83d\udc4f\" width=\"16\" height=\"16\" \/><\/span><\/div>\n                    <div class=\"info clearfix\">\n                        <img decoding=\"async\" src=\"https:\/\/wakeup.org.pl\/new\/wp-content\/uploads\/2017\/06\/Projekt-bez-nazwy-13-80x80.png\" alt=\"Agata\"\/>\n\t\t\t\t\t\t\n\t\t\t\t\t\t<h4 class=\"testi-name\">Agata<\/h4>\n\t\t\t\t\t\t<span class=\"testi-job\">uczestniczka WAKE CAMP 2022<\/span>\n\t\t\t\t\t\t<div class=\"testi-star\"><i class=\"fa fa-star fa-md\"><\/i><i class=\"fa fa-star fa-md\"><\/i><i class=\"fa fa-star fa-md\"><\/i><i class=\"fa fa-star fa-md\"><\/i><i class=\"fa fa-star fa-md\"><\/i><\/div>\n\t\t\t\t\t<\/div>\n\t\t\t\t<\/div>\n            <\/div>\n\t\t\t<div class=\"testi-item\">\n\t\t\t\t<div class=\"testi-content\">\n                    <div class=\"testi-des\"><span class=\"fh-icon icon-2\"><i class=\"flaticon-straight-quotes\"><\/i><\/span>\u015awietna organizacja obozu sportowego w przecudownym miejscu i z inspiruj\u0105cymi lud\u017ami! Szczerze polecam! Treningi z Jackiem to pe\u0142en profesjonalizm, wspania\u0142a energia, sporo \u015bmiechu ale te\u017c niez\u0142y wycisk przy mega motywacji <span class=\"html-span xexx8yu xyri2b x18d9i69 x1c1uobl x1hl2dhg x16tdsg8 x1vvkbs x3nfvp2 x1j61x8r x1fcty0u xdj266r xat24cr xm2jcoa x1mpyi22 xxymvpz xlup9mm x1kky2od\"><img loading=\"lazy\" decoding=\"async\" class=\"xz74otr x15mokao x1ga7v0g x16uus16 xbiv7yw\" src=\"https:\/\/static.xx.fbcdn.net\/images\/emoji.php\/v9\/t6c\/1\/16\/1f4aa.png\" alt=\"\ud83d\udcaa\" width=\"16\" height=\"16\" \/><\/span> czego chcie\u0107 wi\u0119cej <span class=\"html-span xexx8yu xyri2b x18d9i69 x1c1uobl x1hl2dhg x16tdsg8 x1vvkbs x3nfvp2 x1j61x8r x1fcty0u xdj266r xat24cr xm2jcoa x1mpyi22 xxymvpz xlup9mm x1kky2od\"><img loading=\"lazy\" decoding=\"async\" class=\"xz74otr x15mokao x1ga7v0g x16uus16 xbiv7yw\" src=\"https:\/\/static.xx.fbcdn.net\/images\/emoji.php\/v9\/t2\/1\/16\/1f60d.png\" alt=\"\ud83d\ude0d\" width=\"16\" height=\"16\" \/><\/span><\/div>\n                    <div class=\"info clearfix\">\n                        <img decoding=\"async\" src=\"https:\/\/wakeup.org.pl\/new\/wp-content\/uploads\/2017\/06\/Projekt-bez-nazwy-14-80x80.png\" alt=\"Ania\"\/>\n\t\t\t\t\t\t\n\t\t\t\t\t\t<h4 class=\"testi-name\">Ania<\/h4>\n\t\t\t\t\t\t<span class=\"testi-job\">uczestniczka WAKE CAMP 2023<\/span>\n\t\t\t\t\t\t<div class=\"testi-star\"><i class=\"fa fa-star fa-md\"><\/i><i class=\"fa fa-star fa-md\"><\/i><i class=\"fa fa-star fa-md\"><\/i><i class=\"fa fa-star fa-md\"><\/i><i class=\"fa fa-star fa-md\"><\/i><\/div>\n\t\t\t\t\t<\/div>\n\t\t\t\t<\/div>\n            <\/div>\n\t\t\t<div class=\"testi-item\">\n\t\t\t\t<div class=\"testi-content\">\n                    <div class=\"testi-des\"><span class=\"fh-icon icon-2\"><i class=\"flaticon-straight-quotes\"><\/i><\/span><div class=\"html-div xdj266r x14z9mp xat24cr x1lziwak xexx8yu xyri2b x18d9i69 x1c1uobl\">\r\n<div class=\"html-div xdj266r x14z9mp xat24cr x1lziwak xexx8yu xyri2b x18d9i69 x1c1uobl\" dir=\"auto\">\r\n<div class=\"html-div xdj266r x14z9mp xat24cr x1lziwak xexx8yu xyri2b x18d9i69 x1c1uobl\" data-ad-rendering-role=\"story_message\">\r\n<div id=\"_r_7b2_\" class=\"x1iorvi4 xjkvuk6 x1g0dm76 xpdmqnj\" data-ad-comet-preview=\"message\" data-ad-preview=\"message\">\r\n<div class=\"x78zum5 xdt5ytf xz62fqu x16ldp7u\">\r\n<div class=\"xu06os2 x1ok221b\">\r\n<div class=\"html-div xdj266r x14z9mp xat24cr x1lziwak xexx8yu xyri2b x18d9i69 x1c1uobl\">\r\n<div class=\"xdj266r x14z9mp xat24cr x1lziwak x1vvkbs x126k92a\">\r\n<div dir=\"auto\">Super atmosfera, organizatorzy zadbali o wszystkie szczeg\u00f3\u0142y. Do tego bardzo fajne materia\u0142y filmowe, dzi\u0119ki czemu mo\u017cna wr\u00f3ci\u0107 do tych pi\u0119knych chwil. Nie wiem jak ogarn\u0119li pogod\u0119, ale termin dobrali idealnie <span class=\"html-span xexx8yu xyri2b x18d9i69 x1c1uobl x1hl2dhg x16tdsg8 x1vvkbs x3nfvp2 x1j61x8r x1fcty0u xdj266r xat24cr xm2jcoa x1mpyi22 xxymvpz xlup9mm x1kky2od\"><img loading=\"lazy\" decoding=\"async\" class=\"xz74otr x15mokao x1ga7v0g x16uus16 xbiv7yw\" src=\"https:\/\/static.xx.fbcdn.net\/images\/emoji.php\/v9\/t51\/1\/16\/1f603.png\" alt=\"\ud83d\ude03\" width=\"16\" height=\"16\" \/><\/span><\/div>\r\n<\/div>\r\n<\/div>\r\n<\/div>\r\n<\/div>\r\n<\/div>\r\n<\/div>\r\n<\/div>\r\n<\/div><\/div>\n                    <div class=\"info clearfix\">\n                        <img decoding=\"async\" src=\"https:\/\/wakeup.org.pl\/new\/wp-content\/uploads\/2017\/06\/Projekt-bez-nazwy-15-80x80.png\" alt=\"Krzysztof\"\/>\n\t\t\t\t\t\t\n\t\t\t\t\t\t<h4 class=\"testi-name\">Krzysztof<\/h4>\n\t\t\t\t\t\t<span class=\"testi-job\">fan triathlonu<\/span>\n\t\t\t\t\t\t<div class=\"testi-star\"><i class=\"fa fa-star fa-md\"><\/i><i class=\"fa fa-star fa-md\"><\/i><i class=\"fa fa-star fa-md\"><\/i><i class=\"fa fa-star fa-md\"><\/i><i class=\"fa fa-star-half-empty fa-md\"><\/i><\/div>\n\t\t\t\t\t<\/div>\n\t\t\t\t<\/div>\n            <\/div><\/div>\n\t\t\t<div class=\"owl-dots enable\"><div class=\"owl-dot\"><span style=\"background-image: url(https:\/\/wakeup.org.pl\/new\/wp-content\/uploads\/2025\/10\/Projekt-bez-nazwy-17-80x80.png);\"><\/span><\/div><div class=\"owl-dot\"><span style=\"background-image: url(https:\/\/wakeup.org.pl\/new\/wp-content\/uploads\/2025\/10\/Projekt-bez-nazwy-16-80x80.png);\"><\/span><\/div><div class=\"owl-dot\"><span style=\"background-image: url(https:\/\/wakeup.org.pl\/new\/wp-content\/uploads\/2017\/06\/Projekt-bez-nazwy-9-80x80.png);\"><\/span><\/div><div class=\"owl-dot\"><span style=\"background-image: url(https:\/\/wakeup.org.pl\/new\/wp-content\/uploads\/2017\/06\/Projekt-bez-nazwy-13-80x80.png);\"><\/span><\/div><div class=\"owl-dot\"><span style=\"background-image: url(https:\/\/wakeup.org.pl\/new\/wp-content\/uploads\/2017\/06\/Projekt-bez-nazwy-14-80x80.png);\"><\/span><\/div><div class=\"owl-dot\"><span style=\"background-image: url(https:\/\/wakeup.org.pl\/new\/wp-content\/uploads\/2017\/06\/Projekt-bez-nazwy-15-80x80.png);\"><\/span><\/div><\/div>\n\t\t<\/div>[\/vc_column_inner][\/vc_row_inner][\/vc_column][\/vc_row][vc_row css=&#8221;.vc_custom_1496391742474{padding-top: 55px !important;padding-bottom: 55px !important;background-color: #fafafa !important;}&#8221;][vc_column][vc_column_text css=&#8221;&#8221;]<\/p>\r\n<div class=\"fh-partner clearfix dark\" data-autoplay=\"true\">\r\n<div class=\"list-item owl-carousel\">\r\n<div class=\"partner-item\">\r\n<div class=\"partner-content\"><a href=\"https:\/\/portalkujawski.pl\" target=\"_blank\" rel=\"noopener\"><img decoding=\"async\" src=\"https:\/\/wakeup.org.pl\/new\/wp-content\/uploads\/2025\/11\/1-1.png\" alt=\"portalkujawski\" \/><\/a><\/div>\r\n<\/div>\r\n<div class=\"partner-item\">\r\n<div class=\"partner-content\"><a href=\"https:\/\/centrumrowerowe.pl\" target=\"_blank\" rel=\"noopener\"><img decoding=\"async\" src=\"https:\/\/wakeup.org.pl\/new\/wp-content\/uploads\/2025\/11\/2-2.png\" alt=\"centrumrowerowe\" \/><\/a><\/div>\r\n<\/div>\r\n<div class=\"partner-item\">\r\n<div class=\"partner-content\"><a href=\"https:\/\/wielonek.eu\" target=\"_blank\" rel=\"noopener\"><img decoding=\"async\" src=\"https:\/\/wakeup.org.pl\/new\/wp-content\/uploads\/2025\/11\/4-1.png\" alt=\"wielonekwrzos\" \/><\/a><\/div>\r\n<\/div>\r\n<div class=\"partner-item\">\r\n<div class=\"partner-content\"><a href=\"https:\/\/pasiekajanczarczyk.pl\" target=\"_blank\" rel=\"noopener\"><img decoding=\"async\" src=\"https:\/\/wakeup.org.pl\/new\/wp-content\/uploads\/2025\/11\/Projekt-bez-nazwy-18.png\" alt=\"pasiekajanczarczyk\" \/><\/a><\/div>\r\n<\/div>\r\n<div class=\"partner-item\">\r\n<div class=\"partner-content\"><a href=\"https:\/\/championsswim.pl\" target=\"_blank\" rel=\"noopener\"><img decoding=\"async\" src=\"https:\/\/wakeup.org.pl\/new\/wp-content\/uploads\/2025\/11\/3-1.png\" alt=\"championsswim\" \/><\/a><\/div>\r\n<\/div>\r\n<\/div>\r\n<\/div>\r\n<p>[\/vc_column_text][\/vc_column][\/vc_row]<\/p><\/div>","protected":false},"excerpt":{"rendered":"<p>[vc_row][vc_column][vc_column_text][\/vc_column_text][\/vc_column][\/vc_row][vc_row full_width=&#8221;stretch_row_content_no_spaces&#8221;][vc_column][rev_slider_vc alias=&#8221;slider_1&#8243;][\/vc_column][\/vc_row][vc_row css=&#8221;.vc_custom_1496376114620{margin-top: -100px !important;padding-bottom: 65px !important;}&#8221;][vc_column][\/vc_column][\/vc_row][vc_row css=&#8221;.vc_custom_1496650064727{padding-top: 65px !important;padding-bottom: 40px !important;}&#8221;][vc_column][vc_row_inner&hellip;<\/p>\n","protected":false},"author":1,"featured_media":0,"parent":0,"menu_order":0,"comment_status":"closed","ping_status":"closed","template":"template-homepage.php","meta":{"_uag_custom_page_level_css":"","footnotes":""},"class_list":["post-70","page","type-page","status-publish","hentry",""],"uagb_featured_image_src":{"full":false,"thumbnail":false,"medium":false,"medium_large":false,"large":false,"1536x1536":false,"2048x2048":false,"gardenhub-blog-thumb":false,"gardenhub-blog-grid-2-thumb":false,"gardenhub-blog-grid-3-thumb":false,"gardenhub-widget-thumb":false,"gardenhub-latest-post-owl-thumb":false,"gardenhub-single-project-thumb":false,"gardenhub-project-grid-thumb":false,"gardenhub-project-gallery-1-thumb":false,"gardenhub-project-gallery-2-thumb":false,"gardenhub-project-gallery-3-thumb":false,"gardenhub-project-gallery-4-thumb":false,"gardenhub-testimonial-thumb":false},"uagb_author_info":{"display_name":"admin","author_link":"https:\/\/wakeup.org.pl\/new\/author\/admin\/"},"uagb_comment_info":0,"uagb_excerpt":"[vc_row][vc_column][vc_column_text][\/vc_column_text][\/vc_column][\/vc_row][vc_row full_width=&#8221;stretch_row_content_no_spaces&#8221;][vc_column][rev_slider_vc alias=&#8221;slider_1&#8243;][\/vc_column][\/vc_row][vc_row css=&#8221;.vc_custom_1496376114620{margin-top: -100px !important;padding-bottom: 65px !important;}&#8221;][vc_column][\/vc_column][\/vc_row][vc_row css=&#8221;.vc_custom_1496650064727{padding-top: 65px !important;padding-bottom: 40px !important;}&#8221;][vc_column][vc_row_inner&hellip;","_links":{"self":[{"href":"https:\/\/wakeup.org.pl\/new\/wp-json\/wp\/v2\/pages\/70","targetHints":{"allow":["GET"]}}],"collection":[{"href":"https:\/\/wakeup.org.pl\/new\/wp-json\/wp\/v2\/pages"}],"about":[{"href":"https:\/\/wakeup.org.pl\/new\/wp-json\/wp\/v2\/types\/page"}],"author":[{"embeddable":true,"href":"https:\/\/wakeup.org.pl\/new\/wp-json\/wp\/v2\/users\/1"}],"replies":[{"embeddable":true,"href":"https:\/\/wakeup.org.pl\/new\/wp-json\/wp\/v2\/comments?post=70"}],"version-history":[{"count":27,"href":"https:\/\/wakeup.org.pl\/new\/wp-json\/wp\/v2\/pages\/70\/revisions"}],"predecessor-version":[{"id":972,"href":"https:\/\/wakeup.org.pl\/new\/wp-json\/wp\/v2\/pages\/70\/revisions\/972"}],"wp:attachment":[{"href":"https:\/\/wakeup.org.pl\/new\/wp-json\/wp\/v2\/media?parent=70"}],"curies":[{"name":"wp","href":"https:\/\/api.w.org\/{rel}","templated":true}]}}