{"id":848,"date":"2025-11-11T16:10:11","date_gmt":"2025-11-11T15:10:11","guid":{"rendered":"https:\/\/wakeup.org.pl\/new\/?page_id=848"},"modified":"2026-04-09T18:29:49","modified_gmt":"2026-04-09T16:29:49","slug":"zawody","status":"publish","type":"page","link":"https:\/\/wakeup.org.pl\/new\/zawody\/","title":{"rendered":"Zawody WTF"},"content":{"rendered":"<div class=\"wpb-content-wrapper\"><p>[vc_row full_width=&#8221;stretch_row_content_no_spaces&#8221;][vc_column]\n\t\t\t\t<p class=\"rs-p-wp-fix\"><\/p>\n\t\t\t\t<sr7-module data-alias=\"slider-1-11\" data-id=\"6\" id=\"SR7_6_1\" class=\"rs-ov-hidden\" data-version=\"6.7.32\">\n\t\t\t\t\t<sr7-adjuster><\/sr7-adjuster>\n\t\t\t\t\t<sr7-content>\n\t\t\t\t\t\t<sr7-slide id=\"SR7_6_1-21\" data-key=\"21\">\n\t\t\t\t\t\t\t<sr7-bg id=\"SR7_6_1-21-9\" class=\"sr7-layer\"><noscript><img decoding=\"async\" src=\"https:\/\/wakeup.org.pl\/new\/wp-content\/uploads\/2025\/11\/4.png\" alt=\"\" title=\"4\"><\/noscript><\/sr7-bg>\n\t\t\t\t\t\t\t<sr7-txt id=\"SR7_6_1-21-1\" class=\"sr7-layer\">do zobaczenia<br \/>\n30 i 31 maja <br \/>\nw Borach Tucholskich!<\/sr7-txt>\n\t\t\t\t\t\t\t<sr7-txt id=\"SR7_6_1-21-8\" class=\"sr7-layer\">\n<a href=\"https:\/\/foxter-sport.pl\/wtf26\"><span style=\"color: #006d69\">chc\u0119 wybra\u0107 dystans<\/span>\n<\/a>\n<\/sr7-txt>\n\t\t\t\t\t\t<\/sr7-slide>\n\t\t\t\t\t\t<sr7-slide id=\"SR7_6_1-22\" data-key=\"22\">\n\t\t\t\t\t\t<\/sr7-slide>\n\t\t\t\t\t<\/sr7-content>\n\t\t\t\t\t<image_lists style=\"display:none\">\n\t\t\t\t\t\t<img data-src=\"\/\/wakeup.org.pl\/new\/wp-content\/uploads\/2025\/11\/4.png\" data-libid=\"865\" data-lib=\"medialibrary\" title=\"4\" width=\"0\" height=\"0\" data-dbsrc=\"Ly93YWtldXAub3JnLnBsL25ldy93cC1jb250ZW50L3VwbG9hZHMvMjAyNS8xMS80LnBuZw==\"\/>\n\t\t\t\t\t<\/image_lists>\n\t\t\t\t<\/sr7-module>\n\t\t\t\t<script>\n\t\t\t\t\tSR7.PMH ??={}; SR7.PMH[\"SR7_6_1\"] = {cn:100,state:false,fn: function() { if (_tpt!==undefined && _tpt.prepareModuleHeight !== undefined) {  _tpt.prepareModuleHeight({id:\"SR7_6_1\",el:[750,750,768,960,720],type:'standard',shdw:'0',gh:[750,750,768,960,720],gw:[1170,1170,1024,778,480],vpt:['-100px&#039;,&#039;-100px&#039;,&#039;-100px&#039;,&#039;-100px&#039;,&#039;-100px'],size:{fullWidth:false, fullHeight:false},mh:'0',onh:0,onw:0,bg:{color:'{\"orig\":\"transparent\",\"type\":\"solid\",\"string\":\"transparent\"}'}});   SR7.PMH[\"SR7_6_1\"].state=true;} else if(SR7.PMH[\"SR7_6_1\"].cn-->0)\tsetTimeout( SR7.PMH[\"SR7_6_1\"].fn,19);}};SR7.PMH[\"SR7_6_1\" ].fn();\n\t\t\t\t<\/script>\n[\/vc_column][\/vc_row][vc_row][vc_column]<div class=\"fh-section-title clearfix  text-center style-1 version-dark\"><div class=\"container\"><h2> <span class=\"main-color\">...<\/span><\/h2><\/div><\/div><div class=\"fh-section-title clearfix  text-center style-1 version-dark\"><div class=\"container\"><h2>Konkurencje <span class=\"main-color\">Wielonek Trail Festival<\/span><\/h2><\/div><\/div>[\/vc_column][\/vc_row][vc_row][vc_column]<div class=\"fh-icon-box-2  radius\"><div class=\"row\"><div class=\"item-box col-md-4 col-sm-6 col-xs-12\"><a class=\"fh-icon\"><i class=\"fa fa-moon-o\"><\/i><\/a><h4><a href=\"https:\/\/wakeup.org.pl\/new\/nocna5km\/\">nocne 5 km<\/a><\/h4><p><b>nocna pi\u0105tka offroad<\/b><br>\nlimit czasowy: 1h<br>\nstart: <b>30 maja, sobota, 21:00<\/b><br><\/p><\/div><div class=\"item-box col-md-4 col-sm-6 col-xs-12\"><a class=\"fh-icon\"><i class=\"fa fa-battery-4\"><\/i><\/a><h4><a href=\"https:\/\/wakeup.org.pl\/new\/60km\/\">60 km<\/a><\/h4><p><b>flagowy dystans festiwalu<\/b><br>\nlimit czasowy: 10h<br>\nstart: 31 maja, niedziela, 7:00<\/p><\/div><div class=\"item-box col-md-4 col-sm-6 col-xs-12\"><a class=\"fh-icon\"><i class=\"fa fa-battery-2\"><\/i><\/a><h4><a href=\"https:\/\/wakeup.org.pl\/new\/borowiacka-polowka-211-km\/\">21,1 km<\/a><\/h4><p><b>borowiacka po\u0142\u00f3wka<\/b><br>\nlimit czasowy: 4h<br>\nstart: 31 maja, niedziela, 11:00<\/p><\/div><\/div><\/div><div class=\"fh-icon-box-2  radius\"><div class=\"row\"><div class=\"item-box col-md-4 col-sm-6 col-xs-12\"><a class=\"fh-icon\"><i class=\"fa fa-caret-square-o-down\"><\/i><\/a><h4><a href=\"https:\/\/wakeup.org.pl\/new\/10km\/\">10 km<\/a><\/h4><p><b>nie\u0142atwa dycha<\/b><br>\nlimit czasowy: 2h<br>\nstart: 31 maja, niedziela, 13:00<\/p><\/div><div class=\"item-box col-md-4 col-sm-6 col-xs-12\"><a class=\"fh-icon\"><i class=\"fa fa-hand-o-down\"><\/i><\/a><h4><a href=\"https:\/\/wakeup.org.pl\/new\/10km\/\">10 km NW<\/a><\/h4><p><b>dyszka nordic walking<\/b><br>\nlimit czasowy: 2h<br>\nstart: 31 maja, niedziela, 13:15<\/p><\/div><div class=\"item-box col-md-4 col-sm-6 col-xs-12\"><a class=\"fh-icon\"><i class=\"fa fa-angellist\"><\/i><\/a><h4><a href=\"https:\/\/wakeup.org.pl\/new\/biegi-dla-dzieci\/\">biegi dla dzieci<\/a><\/h4><p><b>od 100m do 1km<\/b><br>\nod 2. do 15. roku \u017cycia<br>\nstart: <b>30 maja, sobota, 13:30<\/b><\/p><\/div><\/div><\/div>[\/vc_column][\/vc_row][vc_row][vc_column]<div class=\"fh-section-title clearfix  text-center style-1 version-dark\"><div class=\"container\"><h2>...<\/h2><\/div><\/div><div class=\"fh-section-title clearfix  text-center style-1 version-dark\"><div class=\"container\"><h2>Regulamin <span class=\"main-color\">Festiwalu<\/span><\/h2><\/div><\/div>[vc_btn title=&#8221;zapoznaj si\u0119 z regulaminem&#8221; color=&#8221;orange&#8221; align=&#8221;center&#8221; i_icon_fontawesome=&#8221;fa fa-solid fa-clipboard-list&#8221; css_animation=&#8221;fadeInLeft&#8221; css=&#8221;&#8221; add_icon=&#8221;true&#8221; link=&#8221;url:https%3A%2F%2Fwakeup.org.pl%2Fnew%2Fregulamin-wtf%2F|title:Regulamin%20WTF&#8221;][vc_btn title=&#8221;<b>chc\u0119 si\u0119 zapisa\u0107!<\/b>&#8221; color=&#8221;green&#8221; align=&#8221;center&#8221; i_icon_fontawesome=&#8221;fa fa-solid fa-circle-right&#8221; css_animation=&#8221;fadeInRight&#8221; css=&#8221;&#8221; add_icon=&#8221;true&#8221; link=&#8221;url:https%3A%2F%2Ffoxter-sport.pl%2Fwtf26|title:chc%C4%99%20si%C4%99%20zapisa%C4%87!|target:_blank&#8221;][\/vc_column][\/vc_row]<\/p>\n<\/div>","protected":false},"excerpt":{"rendered":"<p>[vc_row full_width=&#8221;stretch_row_content_no_spaces&#8221;][vc_column][\/vc_column][\/vc_row][vc_row][vc_column][\/vc_column][\/vc_row][vc_row][vc_column][\/vc_column][\/vc_row][vc_row][vc_column][vc_btn title=&#8221;zapoznaj si\u0119 z regulaminem&#8221; color=&#8221;orange&#8221; align=&#8221;center&#8221; i_icon_fontawesome=&#8221;fa fa-solid fa-clipboard-list&#8221; css_animation=&#8221;fadeInLeft&#8221; css=&#8221;&#8221;&hellip;<\/p>\n","protected":false},"author":1,"featured_media":0,"parent":0,"menu_order":0,"comment_status":"closed","ping_status":"closed","template":"template-fullwidth.php","meta":{"_uag_custom_page_level_css":"","footnotes":""},"class_list":["post-848","page","type-page","status-publish","hentry","no-thumb"],"uagb_featured_image_src":{"full":false,"thumbnail":false,"medium":false,"medium_large":false,"large":false,"1536x1536":false,"2048x2048":false,"gardenhub-blog-thumb":false,"gardenhub-blog-grid-2-thumb":false,"gardenhub-blog-grid-3-thumb":false,"gardenhub-widget-thumb":false,"gardenhub-latest-post-owl-thumb":false,"gardenhub-single-project-thumb":false,"gardenhub-project-grid-thumb":false,"gardenhub-project-gallery-1-thumb":false,"gardenhub-project-gallery-2-thumb":false,"gardenhub-project-gallery-3-thumb":false,"gardenhub-project-gallery-4-thumb":false,"gardenhub-testimonial-thumb":false},"uagb_author_info":{"display_name":"admin","author_link":"https:\/\/wakeup.org.pl\/new\/author\/admin\/"},"uagb_comment_info":0,"uagb_excerpt":"[vc_row full_width=&#8221;stretch_row_content_no_spaces&#8221;][vc_column][\/vc_column][\/vc_row][vc_row][vc_column][\/vc_column][\/vc_row][vc_row][vc_column][\/vc_column][\/vc_row][vc_row][vc_column][vc_btn title=&#8221;zapoznaj si\u0119 z regulaminem&#8221; color=&#8221;orange&#8221; align=&#8221;center&#8221; i_icon_fontawesome=&#8221;fa fa-solid fa-clipboard-list&#8221; css_animation=&#8221;fadeInLeft&#8221; css=&#8221;&#8221;&hellip;","_links":{"self":[{"href":"https:\/\/wakeup.org.pl\/new\/wp-json\/wp\/v2\/pages\/848","targetHints":{"allow":["GET"]}}],"collection":[{"href":"https:\/\/wakeup.org.pl\/new\/wp-json\/wp\/v2\/pages"}],"about":[{"href":"https:\/\/wakeup.org.pl\/new\/wp-json\/wp\/v2\/types\/page"}],"author":[{"embeddable":true,"href":"https:\/\/wakeup.org.pl\/new\/wp-json\/wp\/v2\/users\/1"}],"replies":[{"embeddable":true,"href":"https:\/\/wakeup.org.pl\/new\/wp-json\/wp\/v2\/comments?post=848"}],"version-history":[{"count":31,"href":"https:\/\/wakeup.org.pl\/new\/wp-json\/wp\/v2\/pages\/848\/revisions"}],"predecessor-version":[{"id":1004,"href":"https:\/\/wakeup.org.pl\/new\/wp-json\/wp\/v2\/pages\/848\/revisions\/1004"}],"wp:attachment":[{"href":"https:\/\/wakeup.org.pl\/new\/wp-json\/wp\/v2\/media?parent=848"}],"curies":[{"name":"wp","href":"https:\/\/api.w.org\/{rel}","templated":true}]}}