{"id":878,"date":"2025-11-16T23:42:29","date_gmt":"2025-11-16T22:42:29","guid":{"rendered":"https:\/\/wakeup.org.pl\/new\/?page_id=878"},"modified":"2026-03-19T19:59:44","modified_gmt":"2026-03-19T18:59:44","slug":"regulamin-wtf","status":"publish","type":"page","link":"https:\/\/wakeup.org.pl\/new\/regulamin-wtf\/","title":{"rendered":"Regulamin WTF"},"content":{"rendered":"<div class=\"wpb-content-wrapper\"><p>[vc_row][vc_column width=&#8221;2\/3&#8243;]<div class=\"fh-section-title clearfix  text-left style-1 version-dark\"><div class=\"container\"><h2>Regulamin <span class=\"main-color\">Wielonek Trail Festival<\/span><\/h2><\/div><\/div>[vc_column_text css=&#8221;&#8221;]DEFINICJE:<br \/>\nOrganizator \u2013 podmioty wymienione w punkcie 1. Niniejszego regulaminu<br \/>\nFestiwal \u2013 zawody biegowe Wielonek Trail Festival 2026<br \/>\nDyrektor Zawod\u00f3w \u2013 osoba wyznaczona przez Organizatora do zarz\u0105dzania Festiwalem<br \/>\nKierownik Biura Zawod\u00f3w \u2013 osoba wyznaczona przez Organizatora do zarz\u0105dzania biurem zawod\u00f3w<br \/>\nZawodnik \u2013 osoba, kt\u00f3ra bierze udzia\u0142 w rywalizacji sportowej podczas Festiwalu<\/p>\n<p>1) Organizatorami Wielonek Trail Festival s\u0105:<br \/>\n&#8211; firma WAKE UP sp. z o.o. z siedzib\u0105 w Bydgoszczy przy ul. Kijowskiej 44,<br \/>\n&#8211; Fundacja Fabryka Rado\u015bci z siedzib\u0105 w Bydgoszczy przy ul. Konopnickiej 44,<br \/>\n&#8211; Stowarzyszenie Wrzos w Wielonku,<br \/>\n&#8211; Maciej Lenc, zamieszka\u0142y w Bydgoszczy przy ul. Szpitalnej 3\/13.<br \/>\n2) Celem imprezy jest promowanie zdrowego stylu \u017cycia, aktywno\u015bci fizycznej oraz upowszechnienie biegania jako dyscypliny sportowej dost\u0119pnej dla ka\u017cdego. Impreza spe\u0142nia r\u00f3wnie\u017c cele promocji Wielonka, Gminy Lubiewo, Powiatu Tucholskiego, Powiatu Bydgoskiego, Gminy Koronowo, Wojew\u00f3dztwa Kujawsko-Pomorskiego oraz Nadle\u015bnictwa Zamrzenica w Polsce i na \u015bwiecie jako miejsc sprzyjaj\u0105cych uprawianiu sportu. Data imprezy pozwala te\u017c na \u015bwi\u0119towanie dnia dziecka w duchu sportowej rywalizacji.<br \/>\n3) Festiwal odb\u0119dzie si\u0119 w dniach 30-31 maja 2026 r.<br \/>\n4) Podczas Festiwalu poszczeg\u00f3lne konkurencje odb\u0119d\u0105 si\u0119 wed\u0142ug poni\u017cszej tabeli:<\/p>\n<table style=\"height: 446px;\" width=\"769\">\n<tbody>\n<tr>\n<td width=\"174\">konkurencja<\/td>\n<td width=\"170\">opis<\/td>\n<td width=\"142\">data i godzina startu<\/td>\n<td width=\"94\">limit<\/td>\n<\/tr>\n<tr>\n<td width=\"174\">biegi dla dzieci<\/td>\n<td width=\"170\">od 100m do 1km<\/td>\n<td width=\"142\">30.05.2026 13:30<\/td>\n<td width=\"94\">nie dotyczy<\/td>\n<\/tr>\n<tr>\n<td width=\"174\">nocny bieg na 5 km<\/td>\n<td width=\"170\">nocna pi\u0105tka w Borach<\/td>\n<td width=\"142\">30.05.2026 21:00<\/td>\n<td width=\"94\">1 h<\/td>\n<\/tr>\n<tr>\n<td width=\"174\">bieg na 60 km<\/td>\n<td width=\"170\">flagowy dystans<\/td>\n<td width=\"142\">31.05.2026 7:00<\/td>\n<td width=\"94\">10 h<\/td>\n<\/tr>\n<tr>\n<td width=\"174\">bieg na 21,1 km<\/td>\n<td width=\"170\">borowiacka po\u0142\u00f3wka<\/td>\n<td width=\"142\">31.05.2026 11:00<\/td>\n<td width=\"94\">4 h<\/td>\n<\/tr>\n<tr>\n<td width=\"174\">bieg na 10 km<\/td>\n<td width=\"170\">nie\u0142atwa dycha<\/td>\n<td width=\"142\">31.05.2026 13:00<\/td>\n<td width=\"94\">2 h<\/td>\n<\/tr>\n<tr>\n<td width=\"174\">nordic walking na 10 km<\/td>\n<td width=\"170\">dyszka nordic walking<\/td>\n<td width=\"142\">31.05.2026 13:15<\/td>\n<td width=\"94\">2 h<\/td>\n<\/tr>\n<\/tbody>\n<\/table>\n<p>&nbsp;<\/p>\n<p>5) Zawodnicy, kt\u00f3rzy nie uko\u0144cz\u0105 zawod\u00f3w w wyznaczonym limicie czasowym, powinni zej\u015b\u0107 z trasy. Ewentualna kontynuacja biegu b\u0119dzie z\u0142amaniem regulaminu, a Zawodnik nie zostanie sklasyfikowany.<br \/>\n6) Szczeg\u00f3\u0142owy i ostateczny harmonogram zostanie udost\u0119pniony najp\u00f3\u017aniej na 7 dni przed Festiwalem na stronie internetowej oraz w mediach spo\u0142eczno\u015bciowych.<br \/>\n7) Biuro zawod\u00f3w b\u0119dzie otwarte dla Zawodnik\u00f3w wed\u0142ug poni\u017cszej tabeli:<\/p>\n<table style=\"height: 433px;\" width=\"677\">\n<tbody>\n<tr>\n<td width=\"193\">konkurencja<\/td>\n<td width=\"193\">godziny pracy 30 maja<\/td>\n<td width=\"193\">godziny pracy 31 maja<\/td>\n<\/tr>\n<tr>\n<td width=\"193\">biegi dla dzieci<\/td>\n<td width=\"193\">11:00-13:15<\/td>\n<td width=\"193\">nie dotyczy<\/td>\n<\/tr>\n<tr>\n<td width=\"193\">5 km<\/td>\n<td width=\"193\">18:00-20:30<\/td>\n<td width=\"193\">nie dotyczy<\/td>\n<\/tr>\n<tr>\n<td width=\"193\">60 km<\/td>\n<td width=\"193\">18:00-21:30<\/td>\n<td width=\"193\">6:00-6:30<\/td>\n<\/tr>\n<tr>\n<td width=\"193\">21,1 km<\/td>\n<td width=\"193\">18:00-21:30<\/td>\n<td width=\"193\">6:30-10:30<\/td>\n<\/tr>\n<tr>\n<td width=\"193\">10 km<\/td>\n<td width=\"193\">18:00-21:30<\/td>\n<td width=\"193\">6:30-12:30<\/td>\n<\/tr>\n<tr>\n<td width=\"193\">10 km NW<\/td>\n<td width=\"193\">18:00-21:30<\/td>\n<td width=\"193\">6:30-12:45<\/td>\n<\/tr>\n<\/tbody>\n<\/table>\n<p>8) Podczas odbioru pakiet\u00f3w startowych w biurze zawod\u00f3w niezb\u0119dne b\u0119dzie okazanie dokumentu ze zdj\u0119ciem w celu weryfikacji danych zawodnik\u00f3w. Odbi\u00f3r pakiet\u00f3w jest mo\u017cliwy tylko osobi\u015bcie, bez po\u015brednik\u00f3w oraz tylko w godzinach pracy biura zawod\u00f3w. Za dokument ze zdj\u0119ciem rozumie si\u0119 mi\u0119dzy innymi dow\u00f3d osobisty, paszport, prawo jazdy oraz aplikacj\u0119 mObywatel.<br \/>\n9) W Festiwalu mog\u0105 wzi\u0105\u0107 udzia\u0142 osoby, kt\u00f3re najp\u00f3\u017aniej w dniu zawod\u00f3w uko\u0144cz\u0105 18 lat. Wyj\u0105tek stanowi\u0105 konkurencje 5 km, 10 km oraz 10 km nordic walking, w kt\u00f3rej mog\u0105 wzi\u0105\u0107 udzia\u0142 osoby od 15. roku \u017cycia po wyra\u017ceniu pisemnej zgody w biurze zawod\u00f3w przez opiekuna prawnego. W konkurencjach dzieci\u0119cych mog\u0105 bra\u0107 udzia\u0142 osoby w wieku od 2. do 15. roku \u017cycia r\u00f3wnie\u017c za pisemn\u0105 zgod\u0105 wyra\u017con\u0105 osobi\u015bcie przez opiekuna prawnego w biurze zawod\u00f3w.<br \/>\n10) W Festiwalu mog\u0105 wzi\u0105\u0107 udzia\u0142 tylko i wy\u0142\u0105cznie osoby, kt\u00f3rym zezwala na to ich stan zdrowia. Ka\u017cdy Zawodnik bierze udzia\u0142 w Festiwalu na w\u0142asn\u0105 odpowiedzialno\u015b\u0107. Ka\u017cdy zawodnik zobowi\u0105zany jest do pokonania dystansu w butach.<br \/>\n11) Zg\u0142oszenie do udzia\u0142u w Festiwalu jest mo\u017cliwe poprzez wype\u0142nienie formularza dost\u0119pnego na stronie www.wakeup.org.pl\/new<br \/>\n12) Za skuteczne zg\u0142oszenie na Festiwal rozumie si\u0119 prawid\u0142owe wype\u0142nienie ca\u0142ego formularza zapis\u00f3w oraz prawid\u0142owe op\u0142acenie op\u0142aty startowej. Za prawid\u0142owe op\u0142acenie op\u0142aty skarbowej rozumie si\u0119 zaksi\u0119gowanie p\u0142atno\u015bci na koncie Organizatora.<br \/>\n13) Zg\u0142oszenia przyjmowane b\u0119d\u0105 do 27 maja 2026 do godz. 23:59 lub do wyczerpania limitu miejsc. Limit miejsc zosta\u0142 okre\u015blony na maksymalnie 999 Zawodnik\u00f3w.<br \/>\n14) Organizator dopuszcza mo\u017cliwo\u015b\u0107 rejestracji zawodnik\u00f3w w dniu i przededniu Festiwalu stacjonarnie w biurze zawod\u00f3w, je\u017celi limit uczestnik\u00f3w nie zostanie osi\u0105gni\u0119ty wcze\u015bniej. O mo\u017cliwo\u015bci takiej rejestracji oraz o dok\u0142adnej liczbie dost\u0119pnych slot\u00f3w Organizator poinformuje najp\u00f3\u017aniej 28 maja 2026.<br \/>\n15) Op\u0142aty startowe:<\/p>\n<table style=\"height: 392px;\" width=\"755\">\n<tbody>\n<tr>\n<td width=\"127\">konkurencja<\/td>\n<td width=\"76\">Do 13.01.<\/td>\n<td width=\"76\">Do 28.02.<\/td>\n<td width=\"76\">Do 30.04.<\/td>\n<td width=\"76\">Do 29.05.<\/td>\n<td width=\"151\">30-31.05.<\/td>\n<\/tr>\n<tr>\n<td width=\"127\">5 km<\/td>\n<td width=\"76\"><\/td>\n<td width=\"76\">49 z\u0142<\/td>\n<td width=\"76\">49 z\u0142<\/td>\n<td width=\"76\">49 z\u0142<\/td>\n<td width=\"151\">49 z\u0142<\/td>\n<\/tr>\n<tr>\n<td width=\"127\">60 km<\/td>\n<td width=\"76\">159 z\u0142<\/td>\n<td width=\"76\">179 z\u0142<\/td>\n<td width=\"76\">199 z\u0142<\/td>\n<td width=\"76\">219 z\u0142<\/td>\n<td width=\"151\">249 z\u0142<\/td>\n<\/tr>\n<tr>\n<td width=\"127\">21,1 km<\/td>\n<td width=\"76\">99 z\u0142<\/td>\n<td width=\"76\">109 z\u0142<\/td>\n<td width=\"76\">119 z\u0142<\/td>\n<td width=\"76\">129 z\u0142<\/td>\n<td width=\"151\">149 z\u0142<\/td>\n<\/tr>\n<tr>\n<td width=\"127\">10 km<\/td>\n<td width=\"76\">49 z\u0142<\/td>\n<td width=\"76\">59 z\u0142<\/td>\n<td width=\"76\">69 z\u0142<\/td>\n<td width=\"76\">79 z\u0142<\/td>\n<td width=\"151\">99 z\u0142<\/td>\n<\/tr>\n<tr>\n<td width=\"127\">10 km NW<\/td>\n<td width=\"76\">49 z\u0142<\/td>\n<td width=\"76\">59 z\u0142<\/td>\n<td width=\"76\">69 z\u0142<\/td>\n<td width=\"76\">79 z\u0142<\/td>\n<td width=\"151\">99 z\u0142<\/td>\n<\/tr>\n<tr>\n<td width=\"127\">biegi dzieci\u0119ce<\/td>\n<td width=\"76\">29 z\u0142<\/td>\n<td width=\"76\">29 z\u0142<\/td>\n<td width=\"76\">29 z\u0142<\/td>\n<td width=\"76\">29 z\u0142<\/td>\n<td width=\"151\">39 z\u0142<\/td>\n<\/tr>\n<\/tbody>\n<\/table>\n<p>16) W ramach op\u0142aty startowej ka\u017cdy Zawodnik otrzymuje prawo do udzia\u0142u w Festiwalu, pomiar czasu, dost\u0119p do punkt\u00f3w regeneracyjnych, pakiet z numerem startowym, opask\u0119 papierow\u0105 na nadgarstek, medal, dost\u0119p do strefy finishera.<br \/>\n17) Zawodnik zobowi\u0105zany jest do umieszczenia numeru startowego przy pomocy agrafek, paska lub w inny trwa\u0142y spos\u00f3b. Numer startowy musi by\u0107 widoczny z przodu na wysoko\u015bci pasa, brzucha lub klatki piersiowej przez ca\u0142y czas brania udzia\u0142u w konkurencji.<br \/>\n18) Zawodnik, kt\u00f3ry skraca tras\u0119 biegu lub wprowadza w b\u0142\u0105d Organizatora poprzez niew\u0142a\u015bciwe u\u017cywanie chipa pomiarowego lub poprzez podanie fa\u0142szywych danych podczas rejestracji jest zagro\u017cony dyskwalifikacj\u0105.<br \/>\n19) Zawodnik ma bezwzgl\u0119dny obowi\u0105zek stosowania si\u0119 do polece\u0144 wydawanych przez s\u0119dzi\u00f3w znajduj\u0105cych si\u0119 na trasie zawod\u00f3w. Decyzje podejmowane przez s\u0119dzi\u00f3w s\u0105 ostateczne i nie przys\u0142uguje od nich jakiekolwiek odwo\u0142anie.<br \/>\n20) Zawodnik ma obowi\u0105zek zna\u0107 tras\u0119 swojej konkurencji.<br \/>\n21) Zawodnik ma prawo do korzystania ze wsparcia os\u00f3b trzecich na ca\u0142ej trasie zawod\u00f3w. Poprzez takie wsparcie rozumie si\u0119 m.in. podawanie Zawodnikowi przek\u0105sek, napoj\u00f3w, \u017cel\u00f3w energetycznych, element\u00f3w odzie\u017cy i innych artyku\u0142\u00f3w pierwszej potrzeby. Zabronione jest wspieranie Zawodnika poprzez pe\u0142nienie wobec niego funkcji pacemakera, poprzez podwo\u017cenie Zawodnika jakimkolwiek \u015brodkiem lokomocji lub poprzez inne dzia\u0142ania godz\u0105ce w rywalizacj\u0119 w duchu fair play. Zawodnik musi pokona\u0107 ca\u0142\u0105 tras\u0119 na nogach o w\u0142asnych si\u0142ach.<br \/>\n22) Zawodnik startuj\u0105cy w konkurencjach: 60 km oraz 21,1 km zobowi\u0105zany jest do posiadania przy sobie nast\u0119puj\u0105cego ekwipunku: dokument to\u017csamo\u015bci ze zdj\u0119ciem, folia NRC o min. wymiarach 140\u00d7200 cm, aktywny i w pe\u0142ni na\u0142adowany telefon kom\u00f3rkowy, w pe\u0142ni na\u0142adowany powerbank i kabel do \u0142adowania telefonu, buk\u0142ak lub bidon lub softlask, kubek na wod\u0119 wielokrotnego u\u017cytku, plecak biegowy lub kamizelka lub pas biegowym czapka lub inne nakrycie g\u0142owy.<br \/>\n23) Organizator zastrzega sobie prawo do wielokrotnego weryfikowania posiadania ekwipunku. Zawodnik zobowi\u0105zany jest podda\u0107 si\u0119 weryfikacji na ka\u017cdorazowe wezwanie s\u0119dzi\u00f3w. Braki w ekwipunku zagro\u017cone s\u0105 na\u0142o\u017ceniem kary dyskwalifikacji.<br \/>\n24) W przypadku doznania kontuzji, jakichkolwiek problem\u00f3w, w tym problem\u00f3w zdrowotnych, rezygnacji z dalszego udzia\u0142u w konkurencji, Zawodnik zobowi\u0105zany jest do niezw\u0142ocznego poinformowania o tym fakcie Organizatora. Numer telefonu b\u0119dzie wydrukowany na numerze startowym.<br \/>\n25) Ka\u017cdy Zawodnik zobowi\u0105zany jest do udzielenia pomocy innej osobie, u kt\u00f3rej zauwa\u017cy jakiekolwiek problemy zdrowotne. Poprzez udzielenie pomocy rozumie si\u0119 m.in. wezwanie pomocy medycznej, udzielenie pierwszej pomocy przedmedycznej w tym resuscytacji, doprowadzenie do najbli\u017cszego punktu regeneracyjnego. O ka\u017cdej takiej sytuacji Zawodnik ma obowi\u0105zek r\u00f3wnie\u017c poinformowa\u0107 Organizatora.<br \/>\n26) Dla poszczeg\u00f3lnych konkurencji Organizator zorganizuje punkty regeneracyjne na trasie wed\u0142ug poni\u017cszej tabeli. Ilo\u015b\u0107 punkt\u00f3w mo\u017ce ulec podwy\u017cszeniu, a menu mo\u017ce ulec wzbogaceniu. Szczeg\u00f3\u0142owa rozpiska zawieraj\u0105ca lokalizacj\u0119 punkt\u00f3w i menu zostanie opublikowana przez Organizatora przed Festiwalem.<\/p>\n<table style=\"height: 242px;\" width=\"666\">\n<tbody>\n<tr>\n<td width=\"117\">konkurencja<\/td>\n<td width=\"113\">Ilo\u015b\u0107 punkt\u00f3w<\/td>\n<td width=\"349\">Menu<\/td>\n<\/tr>\n<tr>\n<td width=\"117\">60 km<\/td>\n<td width=\"113\">Co najmniej 5<\/td>\n<td width=\"349\">Woda, izotonik, kawa, herbata, s\u0142odkie i s\u0142one przek\u0105ski<\/td>\n<\/tr>\n<tr>\n<td width=\"117\">21,1 km<\/td>\n<td width=\"113\">Co najmniej 3<\/td>\n<td width=\"349\">Woda, izotonik, kawa, herbata, s\u0142odkie przek\u0105ski<\/td>\n<\/tr>\n<tr>\n<td width=\"117\">10 km i NW<\/td>\n<td width=\"113\">Co najmniej 1<\/td>\n<td width=\"349\">Woda, izotonik<\/td>\n<\/tr>\n<\/tbody>\n<\/table>\n<p>27) Zawodnik ma prawo wyrzuci\u0107 jakiekolwiek odpady na trasie konkurencji tylko w bezpo\u015brednim pobli\u017cu punkt\u00f3w regeneracyjnych, maksymalnie do 100 metr\u00f3w przed i za punktem. \u015amiecenie w innych miejscach jest zagro\u017cone na\u0142o\u017ceniem kary dyskwalifikacji.<br \/>\n28) Dla Zawodnik\u00f3w bior\u0105cych udzia\u0142 w biegu na 60km zostanie zorganizowany punkt przepakowywania tzw. przepak. Punkt ten b\u0119dzie zlokalizowany na 40. kilometrze biegu.<br \/>\n29) Kompletny ekwipunek do przepaku nale\u017cy dostarczy\u0107 do biura zawod\u00f3w najp\u00f3\u017aniej na 30 minut przed startem konkurencji. Wszystkie dostarczone przepaki zostan\u0105 przetransportowane przez Organizatora na ww. punkt przepakowywania.<br \/>\n30) W celu otrzymania faktury, zawodnik jest niezw\u0142ocznie zobowi\u0105zany do wys\u0142ania wiadomo\u015bci na adres kontakt@wielonektriathlon.pl z kompletem danych potrzebnych do wystawienia faktury. Faktury b\u0119d\u0105 wystawiane tylko i wy\u0142\u0105cznie na \u017c\u0105danie zawodnika.<br \/>\n31) Rezygnacja z udzia\u0142u w Festiwalu jest mo\u017cliwa do 27 maja do godz. 23:59 i skutkuje zwrotem 50% op\u0142aty startowej. Rezygnacja z udzia\u0142u po wy\u017cej wymienionym terminie nie skutkuje zwrotem op\u0142aty startowej ani \u017cadnej jej cz\u0119\u015bci.<br \/>\n32) Przeniesienie udzia\u0142u w imprezie na innego zawodnika i\/lub na inny termin jest zabronione.<br \/>\n33) Organizator zapewnia Zawodnikom dora\u017an\u0105 pomoc medyczn\u0105 podczas Festiwalu.<br \/>\n34) Organizator nie zapewnia Zawodnikowi jakiejkolwiek polisy ubezpieczeniowej i zaleca indywidualny zakup takiej polisy.<br \/>\n35) Organizator zapewnia szatnie, toalety, prysznice oraz depozyty.<br \/>\n36) Organizator nie odpowiada za przedmioty zgubione w trakcie imprezy.<br \/>\n37) Wyniki rywalizacji zostan\u0105 opublikowane na stronie internetowej Festiwalu oraz w mediach spo\u0142eczno\u015bciowych.<br \/>\n38) Klasyfikacja w biegach na 5km, 10km, 10km NW, 21km oraz 60km odb\u0119dzie si\u0119 w kategoriach Open K, Open M bez podzia\u0142u na kategorie wiekowe.<br \/>\n39) Zasady klasyfikacji w biegach dzieci\u0119cych zostan\u0105 ustalone przez Organizatora na podstawie list startowych. Organizator we\u017amie pod uwag\u0119 roczniki i liczebno\u015b\u0107 Zawodnik\u00f3w i opublikuje zasady klasyfikacji najp\u00f3\u017aniej na 14 dni przed Festiwalem.<br \/>\n40) Organizator zastrzega sobie prawo do odwo\u0142ania Festiwalu bez podania przyczyny.<br \/>\n41) Festiwal odb\u0119dzie si\u0119 bez wzgl\u0119du na warunki pogodowe. W przypadku wyst\u0105pienia si\u0142y wy\u017cszej, kt\u00f3ra uniemo\u017cliwi przeprowadzenie poszczeg\u00f3lnych konkurencji, decyzj\u0119 co do formu\u0142y przeprowadzenia Festiwalu podejmuje Dyrektor Zawod\u00f3w.<br \/>\n42) Organizator zastrzega sobie prawo do robienia i publikowania zdj\u0119\u0107 oraz film\u00f3w podczas Festiwalu oraz do ich nieodp\u0142atnego wykorzystywania, przetwarzania i rozpowszechniania na ca\u0142ym \u015bwiecie.<br \/>\n43) Reklamacje i skargi dotycz\u0105ce Festiwalu b\u0119d\u0105 przyjmowane mailowo pod adres kontakt@wielonektriathlon.pl najp\u00f3\u017aniej do 7 dni od dnia Festiwalu.<br \/>\n44) Reklamacje i skargi b\u0119d\u0105 rozpatrzone najp\u00f3\u017aniej do 30 dni od dnia ich otrzymania.<br \/>\n45) Decyzja dotycz\u0105ca reklamacji i\/lub skargi podj\u0119ta przez Organizatora ma charakter ostateczny.<br \/>\n46) W sprawach nieobj\u0119tych powy\u017cszym regulaminem ostateczn\u0105 decyzj\u0119 podejmuje Dyrektor Zawod\u00f3w.[\/vc_column_text][\/vc_column][vc_column width=&#8221;1\/3&#8243;][\/vc_column][\/vc_row][vc_row][vc_column][vc_btn title=&#8221;<b>pobierz regulamin w pdf<\/b>&#8221; color=&#8221;green&#8221; i_icon_fontawesome=&#8221;fa fa-regular fa-rectangle-list&#8221; css_animation=&#8221;fadeInLeft&#8221; css=&#8221;&#8221; add_icon=&#8221;true&#8221; link=&#8221;url:https%3A%2F%2Fwakeup.org.pl%2Fnew%2Fwp-content%2Fuploads%2F2026%2F02%2FRegulamin-WTF-2026.pdf|title:pobierz%20regulamin%20w%20pdf|target:_blank&#8221;][\/vc_column][\/vc_row][vc_row][vc_column][vc_btn title=&#8221;<b>zapisuj\u0119 si\u0119 na Wielonek Trail Festival!<\/b>&#8221; color=&#8221;green&#8221; i_icon_fontawesome=&#8221;fa fa-solid fa-circle-arrow-right&#8221; css_animation=&#8221;fadeInRight&#8221; css=&#8221;&#8221; add_icon=&#8221;true&#8221; link=&#8221;url:https%3A%2F%2Ffoxter-sport.pl%2Fwtf26|target:_blank&#8221;][\/vc_column][\/vc_row]<\/p>\n<\/div>","protected":false},"excerpt":{"rendered":"<p>[vc_row][vc_column width=&#8221;2\/3&#8243;][vc_column_text css=&#8221;&#8221;]DEFINICJE: Organizator \u2013 podmioty wymienione w punkcie 1. Niniejszego regulaminu Festiwal&hellip;<\/p>\n","protected":false},"author":1,"featured_media":0,"parent":0,"menu_order":0,"comment_status":"closed","ping_status":"closed","template":"","meta":{"_uag_custom_page_level_css":"","footnotes":""},"class_list":["post-878","page","type-page","status-publish","hentry","no-thumb"],"uagb_featured_image_src":{"full":false,"thumbnail":false,"medium":false,"medium_large":false,"large":false,"1536x1536":false,"2048x2048":false,"gardenhub-blog-thumb":false,"gardenhub-blog-grid-2-thumb":false,"gardenhub-blog-grid-3-thumb":false,"gardenhub-widget-thumb":false,"gardenhub-latest-post-owl-thumb":false,"gardenhub-single-project-thumb":false,"gardenhub-project-grid-thumb":false,"gardenhub-project-gallery-1-thumb":false,"gardenhub-project-gallery-2-thumb":false,"gardenhub-project-gallery-3-thumb":false,"gardenhub-project-gallery-4-thumb":false,"gardenhub-testimonial-thumb":false},"uagb_author_info":{"display_name":"admin","author_link":"https:\/\/wakeup.org.pl\/new\/author\/admin\/"},"uagb_comment_info":0,"uagb_excerpt":"[vc_row][vc_column width=&#8221;2\/3&#8243;][vc_column_text css=&#8221;&#8221;]DEFINICJE: Organizator \u2013 podmioty wymienione w punkcie 1. Niniejszego regulaminu Festiwal&hellip;","_links":{"self":[{"href":"https:\/\/wakeup.org.pl\/new\/wp-json\/wp\/v2\/pages\/878","targetHints":{"allow":["GET"]}}],"collection":[{"href":"https:\/\/wakeup.org.pl\/new\/wp-json\/wp\/v2\/pages"}],"about":[{"href":"https:\/\/wakeup.org.pl\/new\/wp-json\/wp\/v2\/types\/page"}],"author":[{"embeddable":true,"href":"https:\/\/wakeup.org.pl\/new\/wp-json\/wp\/v2\/users\/1"}],"replies":[{"embeddable":true,"href":"https:\/\/wakeup.org.pl\/new\/wp-json\/wp\/v2\/comments?post=878"}],"version-history":[{"count":11,"href":"https:\/\/wakeup.org.pl\/new\/wp-json\/wp\/v2\/pages\/878\/revisions"}],"predecessor-version":[{"id":1001,"href":"https:\/\/wakeup.org.pl\/new\/wp-json\/wp\/v2\/pages\/878\/revisions\/1001"}],"wp:attachment":[{"href":"https:\/\/wakeup.org.pl\/new\/wp-json\/wp\/v2\/media?parent=878"}],"curies":[{"name":"wp","href":"https:\/\/api.w.org\/{rel}","templated":true}]}}